{"id":29,"date":"2018-05-15T19:58:19","date_gmt":"2018-05-15T19:58:19","guid":{"rendered":"https:\/\/wpstieghorstnet.apps-1and1.net\/?page_id=29"},"modified":"2020-03-16T10:01:00","modified_gmt":"2020-03-16T10:01:00","slug":"start","status":"publish","type":"page","link":"http:\/\/stieghorstnet.de\/","title":{"rendered":""},"content":{"rendered":"<p>Unser Unternehmen f\u00fchrt seit \u00fcber 25 Jahren die Hausverwaltung mit qualifizierten Fachkr\u00e4ften der Grundst\u00fccks- und Wohnungswirtschaft durch. Zus\u00e4tzlich zu unserer eigenen Bestandsverwaltung von Wohn- und Gewerbeimmobilien f\u00fchren wir die treuh\u00e4nderische WEG-Verwaltung von zahlreichen Wohnungseigent\u00fcmergemeinschaften in unserer Region durch. F\u00fcr deutsche und niederl\u00e4ndische Immobilieninvestoren betreuen wir seit Jahren erfolgreich gesamte Immobilienbest\u00e4nde in West- und Norddeutschland.<\/p>\n<p><img loading=\"lazy\" decoding=\"async\" class=\"wp-image-154 alignright\" src=\"http:\/\/stieghorstnet.de\/wp-content\/uploads\/2018\/09\/MG_6204_Boarding-300x202.jpg\" alt=\"\" width=\"314\" height=\"212\" srcset=\"http:\/\/stieghorstnet.de\/wp-content\/uploads\/2018\/09\/MG_6204_Boarding-300x202.jpg 300w, http:\/\/stieghorstnet.de\/wp-content\/uploads\/2018\/09\/MG_6204_Boarding.jpg 640w\" sizes=\"auto, (max-width: 314px) 100vw, 314px\" \/><\/p>\n<p>Unser Team steht f\u00fcr eine qualifizierte und nachhaltige Verwaltungsleistung.<\/p>\n<p>Gerne nennen wir Ihnen Referenzobjekte und freuen uns auf Ihre Anfrage!<\/p>\n<p><strong>Kontakt:<\/strong><\/p>\n<p>Stieghorst GmbH &amp; Co. KG<\/p>\n<p>Homberger Stra\u00dfe 85 \u00a0 \u00a0 \u00a0 \u00a0 \u00a0\u00a0 40882 Ratingen<\/p>\n<div>\n<p>Telefon (02102) 87 48 27\u00a0\u00a0\u00a0\u00a0 \u00a0 Telefax (02102) 87 48 47<\/p>\n<div>\n<p><a>info ( a t ) stieghorstnet.de<\/a><\/p>\n<\/div>\n<\/div>\n","protected":false},"excerpt":{"rendered":"<p>Unser Unternehmen f\u00fchrt seit \u00fcber 25 Jahren die Hausverwaltung mit qualifizierten Fachkr\u00e4ften der Grundst\u00fccks- und Wohnungswirtschaft durch. Zus\u00e4tzlich zu unserer<\/p>\n","protected":false},"author":1,"featured_media":0,"parent":0,"menu_order":0,"comment_status":"closed","ping_status":"closed","template":"","meta":{"colormag_page_container_layout":"default_layout","colormag_page_sidebar_layout":"default_layout","footnotes":""},"class_list":["post-29","page","type-page","status-publish","hentry"],"_links":{"self":[{"href":"http:\/\/stieghorstnet.de\/index.php?rest_route=\/wp\/v2\/pages\/29","targetHints":{"allow":["GET"]}}],"collection":[{"href":"http:\/\/stieghorstnet.de\/index.php?rest_route=\/wp\/v2\/pages"}],"about":[{"href":"http:\/\/stieghorstnet.de\/index.php?rest_route=\/wp\/v2\/types\/page"}],"author":[{"embeddable":true,"href":"http:\/\/stieghorstnet.de\/index.php?rest_route=\/wp\/v2\/users\/1"}],"replies":[{"embeddable":true,"href":"http:\/\/stieghorstnet.de\/index.php?rest_route=%2Fwp%2Fv2%2Fcomments&post=29"}],"version-history":[{"count":29,"href":"http:\/\/stieghorstnet.de\/index.php?rest_route=\/wp\/v2\/pages\/29\/revisions"}],"predecessor-version":[{"id":190,"href":"http:\/\/stieghorstnet.de\/index.php?rest_route=\/wp\/v2\/pages\/29\/revisions\/190"}],"wp:attachment":[{"href":"http:\/\/stieghorstnet.de\/index.php?rest_route=%2Fwp%2Fv2%2Fmedia&parent=29"}],"curies":[{"name":"wp","href":"https:\/\/api.w.org\/{rel}","templated":true}]}}